{"id":3148,"date":"2022-11-05T17:43:20","date_gmt":"2022-11-05T17:43:20","guid":{"rendered":"https:\/\/onfertas.com.br\/produto\/natural-black-obsidian-stone-bracelet-fat-relief-promote-blood-circulation-anti-anxiety-weight-loss-bracelets-women-men-jewelry\/"},"modified":"2022-11-07T12:46:18","modified_gmt":"2022-11-07T12:46:18","slug":"natural-black-obsidian-stone-bracelet-fat-relief-promote-blood-circulation-anti-anxiety-weight-loss-bracelets-women-men-jewelry","status":"publish","type":"product","link":"https:\/\/onfertas.com.br\/?product=natural-black-obsidian-stone-bracelet-fat-relief-promote-blood-circulation-anti-anxiety-weight-loss-bracelets-women-men-jewelry","title":{"rendered":"Pulseira Marculina e Feminina"},"content":{"rendered":"<pre id=\"tw-target-text\" class=\"tw-data-text tw-text-large tw-ta\" dir=\"ltr\" data-placeholder=\"Tradu\u00e7\u00e3o\"><span class=\"Y2IQFc\" lang=\"pt\">Feito de obsidiana natural\r\nVestindo Obsidian pode promover a circula\u00e7\u00e3o sangu\u00ednea e \u00e9 ben\u00e9fico para o corpo\r\nPode relaxar e descomprimir e melhorar o sono\r\nEspecifica\u00e7\u00f5es\r\nMaterial: Obsidiana\r\nCategoria: J\u00f3ias\r\nCor preta\r\nTamanho: o di\u00e2metro do gr\u00e2nulo \u00e9 de 6 mm; 8mm; 10mm; 12mm; 14 mm\r\nAplic\u00e1vel: para homens e mulheres\r\nO pacote inclui: 1 * Pulseiras<\/span><\/pre>\n<p style=\"text-align: left; margin: 0;\"><img decoding=\"async\" style=\"width: 800px;\" src=\"https:\/\/ae01.alicdn.com\/kf\/Sddf64638ea8344a88c202283fd669fbao.jpg?width=800&amp;height=800&amp;hash=1600\" \/><img decoding=\"async\" style=\"width: 800px;\" src=\"https:\/\/ae01.alicdn.com\/kf\/S2afb813c5b83431b90da24ad53141930u.jpg?width=800&amp;height=800&amp;hash=1600\" \/><img decoding=\"async\" style=\"width: 800px;\" src=\"https:\/\/ae01.alicdn.com\/kf\/S82aaebe736cb4f6eaabf50f326c1a7fcY.jpg?width=720&amp;height=720&amp;hash=1440\" \/><\/p>\n<p>&nbsp;<\/p>\n<p style=\"text-align: left; margin: 0;\"><img decoding=\"async\" style=\"width: 800px;\" src=\"https:\/\/ae01.alicdn.com\/kf\/S10856211bedf4359b1893a68ca034e64S.jpg?width=800&amp;height=800&amp;hash=1600\" \/><\/p>\n<p>&nbsp;<\/p>\n<p style=\"text-align: left; margin: 0;\"><img decoding=\"async\" style=\"width: 800px;\" src=\"https:\/\/ae01.alicdn.com\/kf\/S31349db29f1041fea39121e7b9aac450d.jpg?width=800&amp;height=800&amp;hash=1600\" \/><img decoding=\"async\" style=\"width: 800px;\" src=\"https:\/\/ae01.alicdn.com\/kf\/S2afb813c5b83431b90da24ad53141930u.jpg?width=800&amp;height=800&amp;hash=1600\" \/><img decoding=\"async\" style=\"width: 800px;\" src=\"https:\/\/ae01.alicdn.com\/kf\/Se1f148d3910b43e0ad4186069ff1ec19X.jpg?width=800&amp;height=800&amp;hash=1600\" \/><img decoding=\"async\" style=\"width: 800px;\" src=\"https:\/\/ae01.alicdn.com\/kf\/Se1284135e6c9463c88478753314e212d1.jpg?width=800&amp;height=826&amp;hash=1626\" \/><img decoding=\"async\" style=\"width: 800px;\" src=\"https:\/\/ae01.alicdn.com\/kf\/S3a732546019242388e62e864a314fa8dX.jpg?width=800&amp;height=800&amp;hash=1600\" \/><img decoding=\"async\" style=\"width: 800px;\" src=\"https:\/\/ae01.alicdn.com\/kf\/Se2def664a94d411586a412e1b524df12w.jpg?width=800&amp;height=800&amp;hash=1600\" \/><img decoding=\"async\" style=\"width: 800px;\" src=\"https:\/\/ae01.alicdn.com\/kf\/S91f2b3d917a04de7ba93e2fdf7d24150D.jpg?width=1000&amp;height=1000&amp;hash=2000\" \/><img decoding=\"async\" style=\"width: 800px;\" src=\"https:\/\/ae01.alicdn.com\/kf\/S57ff13e4cfd14ff585077f6bf3bd42ffQ.jpg?width=1000&amp;height=1000&amp;hash=2000\" \/><img decoding=\"async\" style=\"width: 800px;\" src=\"https:\/\/ae01.alicdn.com\/kf\/S5c71d755f8944501ab25738e13d76719K.jpg?width=800&amp;height=800&amp;hash=1600\" \/><img decoding=\"async\" style=\"width: 800px;\" src=\"https:\/\/ae01.alicdn.com\/kf\/S19aeb82dd3ab47b8b600eac1e83c26fbk.jpg?width=1000&amp;height=1000&amp;hash=2000\" \/><\/p>\n<p>&nbsp;<\/p>\n","protected":false},"excerpt":{"rendered":"<p>Feito de obsidiana natural Vestindo Obsidian pode promover a circula\u00e7\u00e3o sangu\u00ednea e \u00e9 ben\u00e9fico para o corpo Pode relaxar e descomprimir e melhorar o sono Especifica\u00e7\u00f5es Material: Obsidiana Categoria: J\u00f3ias Cor preta Tamanho: o di\u00e2metro do gr\u00e2nulo \u00e9 de 6 mm; 8mm; 10mm; 12mm; 14 mm Aplic\u00e1vel: para homens e mulheres O pacote inclui: 1 [&hellip;]<\/p>\n","protected":false},"featured_media":3147,"template":"","meta":[],"product_brand":[],"product_cat":[17,23,25,26],"product_tag":[],"class_list":{"0":"post-3148","1":"product","2":"type-product","3":"status-publish","4":"has-post-thumbnail","6":"product_cat-acessorios","7":"product_cat-joias-relogios","8":"product_cat-mais-vendidos","9":"product_cat-saude-beleza","11":"first","12":"instock","13":"shipping-taxable","14":"purchasable","15":"product-type-variable"},"_links":{"self":[{"href":"https:\/\/onfertas.com.br\/index.php?rest_route=\/wp\/v2\/product\/3148","targetHints":{"allow":["GET"]}}],"collection":[{"href":"https:\/\/onfertas.com.br\/index.php?rest_route=\/wp\/v2\/product"}],"about":[{"href":"https:\/\/onfertas.com.br\/index.php?rest_route=\/wp\/v2\/types\/product"}],"version-history":[{"count":1,"href":"https:\/\/onfertas.com.br\/index.php?rest_route=\/wp\/v2\/product\/3148\/revisions"}],"predecessor-version":[{"id":3164,"href":"https:\/\/onfertas.com.br\/index.php?rest_route=\/wp\/v2\/product\/3148\/revisions\/3164"}],"wp:featuredmedia":[{"embeddable":true,"href":"https:\/\/onfertas.com.br\/index.php?rest_route=\/wp\/v2\/media\/3147"}],"wp:attachment":[{"href":"https:\/\/onfertas.com.br\/index.php?rest_route=%2Fwp%2Fv2%2Fmedia&parent=3148"}],"wp:term":[{"taxonomy":"product_brand","embeddable":true,"href":"https:\/\/onfertas.com.br\/index.php?rest_route=%2Fwp%2Fv2%2Fproduct_brand&post=3148"},{"taxonomy":"product_cat","embeddable":true,"href":"https:\/\/onfertas.com.br\/index.php?rest_route=%2Fwp%2Fv2%2Fproduct_cat&post=3148"},{"taxonomy":"product_tag","embeddable":true,"href":"https:\/\/onfertas.com.br\/index.php?rest_route=%2Fwp%2Fv2%2Fproduct_tag&post=3148"}],"curies":[{"name":"wp","href":"https:\/\/api.w.org\/{rel}","templated":true}]}}