{"id":259,"date":"2022-06-04T16:53:09","date_gmt":"2022-06-04T16:53:09","guid":{"rendered":""},"modified":"2023-08-23T23:56:37","modified_gmt":"2023-08-23T23:56:37","slug":"termos-de-envio-e-entrega","status":"publish","type":"page","link":"https:\/\/onfertas.com.br\/?page_id=259","title":{"rendered":"Termos de Envio e Entrega"},"content":{"rendered":"\t\t<div data-elementor-type=\"wp-page\" data-elementor-id=\"259\" class=\"elementor elementor-259\" data-elementor-post-type=\"page\">\n\t\t\t\t\t\t<section class=\"elementor-section elementor-top-section elementor-element elementor-element-e601dff elementor-section-boxed elementor-section-height-default elementor-section-height-default\" data-id=\"e601dff\" data-element_type=\"section\" data-e-type=\"section\">\n\t\t\t\t\t\t<div class=\"elementor-container elementor-column-gap-default\">\n\t\t\t\t\t<div class=\"elementor-column elementor-col-100 elementor-top-column elementor-element elementor-element-bc5b036\" data-id=\"bc5b036\" data-element_type=\"column\" data-e-type=\"column\">\n\t\t\t<div class=\"elementor-widget-wrap elementor-element-populated\">\n\t\t\t\t\t\t<div class=\"elementor-element elementor-element-cd58fb2 elementor-widget elementor-widget-spacer\" data-id=\"cd58fb2\" data-element_type=\"widget\" data-e-type=\"widget\" data-widget_type=\"spacer.default\">\n\t\t\t\t<div class=\"elementor-widget-container\">\n\t\t\t\t\t\t\t<div class=\"elementor-spacer\">\n\t\t\t<div class=\"elementor-spacer-inner\"><\/div>\n\t\t<\/div>\n\t\t\t\t\t\t<\/div>\n\t\t\t\t<\/div>\n\t\t\t\t<div class=\"elementor-element elementor-element-946457c elementor-widget elementor-widget-heading\" data-id=\"946457c\" data-element_type=\"widget\" data-e-type=\"widget\" data-widget_type=\"heading.default\">\n\t\t\t\t<div class=\"elementor-widget-container\">\n\t\t\t\t\t<h2 class=\"elementor-heading-title elementor-size-default\"><font style=\"vertical-align: inherit\"><\/font><font style=\"vertical-align: inherit\"><font style=\"vertical-align: inherit\">Termos de Envio e Entrega<\/font><\/font><\/h2>\t\t\t\t<\/div>\n\t\t\t\t<\/div>\n\t\t\t\t\t<\/div>\n\t\t<\/div>\n\t\t\t\t\t<\/div>\n\t\t<\/section>\n\t\t\t\t<section class=\"elementor-section elementor-top-section elementor-element elementor-element-64b8d30c elementor-section-boxed elementor-section-height-default elementor-section-height-default\" data-id=\"64b8d30c\" data-element_type=\"section\" data-e-type=\"section\">\n\t\t\t\t\t\t<div class=\"elementor-container elementor-column-gap-default\">\n\t\t\t\t\t<div class=\"elementor-column elementor-col-100 elementor-top-column elementor-element elementor-element-253f2ec4\" data-id=\"253f2ec4\" data-element_type=\"column\" data-e-type=\"column\">\n\t\t\t<div class=\"elementor-widget-wrap elementor-element-populated\">\n\t\t\t\t\t\t<div class=\"elementor-element elementor-element-258aab48 elementor-widget elementor-widget-text-editor\" data-id=\"258aab48\" data-element_type=\"widget\" data-e-type=\"widget\" data-widget_type=\"text-editor.default\">\n\t\t\t\t<div class=\"elementor-widget-container\">\n\t\t\t\t\t\t\t\t\t<strong>OnFertas\u00a0trabalha com a seguinte forma de envio:<\/strong><br><br><strong>1. Produtos de envio internacional<\/strong><br><br><strong>1.1. Pol\u00edtica de compra<\/strong><br><br><span>Todos os produtos dispon\u00edveis no\u00a0<strong>OnFertas<\/strong><\/span><span>\u00a0s\u00e3o enviados diretamente de nossos fornecedores no exterior (Su\u00ed\u00e7a, Estados Unidos e China) para o endere\u00e7o informado no momento da compra, e a entrega leva a partir de 10 at\u00e9 35 dias \u00fateis<\/span><strong><span>\u00a0<\/span>(em m\u00e9dia ap\u00f3s a postagem do produto)<\/strong><span>\u00a0a depender da localidade, o envio do produto \u00e9 efetuado em at\u00e9 7 dias \u00fateis ap\u00f3s a confirma\u00e7\u00e3o do pagamento em nosso sistema.<\/span><br><br><span>Pedidos efetuados atrav\u00e9s de boleto banc\u00e1rio levam de 1 a 5 dias para confirma\u00e7\u00e3o do pagamento em nosso sistema.<\/span><br><br><span>Garantimos um c\u00f3digo de rastreio para o cliente poder acompanhar o progresso da entrega de seu pedido.<\/span><br><br><strong>Aten\u00e7\u00e3o: Em determinados casos esse prazo de entrega pode se estender por mais alguns dias \u00fateis, devido a atrasos, greves, recessos, pandemias, per\u00edodos de grande demanda nos Correios, enfim, situa\u00e7\u00f5es que fogem ao nosso controle.<\/strong><br><br><span>A loja garante a entrega do pedido, nos responsabilizamos a restituir o valor integral pago pelos produtos que forem extraviados ou se perderem durante o processo de entrega. Todos os produtos s\u00e3o postados com seguro contra extravio e com rastreamento pela internet gratuito, a entrega de seu produto \u00e9 100% garantida.<\/span><br><br><strong>1.2. Envio segurado<\/strong><br><br><span>&#8220;Caso o produto atrase e n\u00e3o seja entregue em 90 dias \u00fateis da postagem, nessa data o valor pago ser\u00e1 100% devolvido&#8221;.<\/span><br><br><span>Aten\u00e7\u00e3o Voc\u00ea poder\u00e1 receber mais de um pacote, pois seus produtos podem vir de fornecedores diferentes. Ent\u00e3o caso receba primeiro um produto e depois outro fique tranquilo pois isso \u00e9 totalmente normal.<\/span><br><br><strong>1.3. Rastreamento do Pedido<\/strong><br><br><span>Os produtos ser\u00e3o enviados pelos Correios ou outra transportadora, sempre haver\u00e1 um C\u00f3digo de Rastreio que possibilitar\u00e1 ao cliente acompanhar o progresso da entrega, o <strong>OnFertas<\/strong><\/span><span>\u00a0se compromete a instruir o cliente para a forma de rastrear os produtos. O c\u00f3digo para acesso ao rastreamento ser\u00e1 enviado para o seu e-mail assim que estiver dispon\u00edvel para o<\/span><b><span> <strong>OnFertas<\/strong><\/span><\/b><span>.<\/span><br><br><span>O c\u00f3digo de rastreamento do pedido \u00e9 informado de 3 a 9 dias \u00fateis ap\u00f3s o pagamento confirmado.<\/span><br><br><span>O c\u00f3digo de rastreamento pode demorar de 5 a 10 dias \u00fateis para come\u00e7ar a constar informa\u00e7\u00f5es de envio no site dos correios a contar a partir da data que o c\u00f3digo foi informado.<\/span><br><br><strong>2. Condi\u00e7\u00f5es Gerais (Aten\u00e7\u00e3o)<\/strong><br><br><strong>2.1. Cuidados com o Endere\u00e7amento dos Pedidos<\/strong><br><br>O<b> <strong>OnFertas<\/strong><\/b><span>\u00a0providenciar\u00e1 o envio dos produtos para o endere\u00e7o que o cliente solicitar. Portanto, para que n\u00e3o haja empecilhos para a entrega da sua encomenda, pedimos aten\u00e7\u00e3o no momento de preencher o endere\u00e7o no qual deseja receber o seu pedido.<\/span><br><br><strong>2.2. Destinat\u00e1rio Ausente<\/strong><br><br><span>Certifique-se de que haver\u00e1 algu\u00e9m no endere\u00e7o para receber seus produtos. Os Correios realizam tr\u00eas tentativas de entrega dos produtos, caso n\u00e3o haja ningu\u00e9m no endere\u00e7o para receber a encomenda em nenhuma das tentativas, o pacote ser\u00e1 levado para a ag\u00eancia dos Correios mais pr\u00f3xima ao endere\u00e7o, e, neste caso, ser\u00e1 necess\u00e1rio que o destinat\u00e1rio do pacote realize a retirada do mesmo na ag\u00eancia dos Correios, em at\u00e9 7 dias corridos. Caso o destinat\u00e1rio da encomenda n\u00e3o realize a retirada, por norma dos Correios, o pacote retornar\u00e1 ao remetente, sendo necess\u00e1rio o pagamento de um novo frete para o reenvio do produto.<\/span><br><br><span>Todos os detalhes relacionados \u00e0s tentativas de entrega, bem como o endere\u00e7o da ag\u00eancia dos Correios na qual o destinat\u00e1rio dever\u00e1 buscar seu pacote no caso de aus\u00eancia no endere\u00e7o, ficam registrados no rastreio do pedido, que pode ser acompanhado no site dos Correios, utilizando o c\u00f3digo de rastreio fornecido pela loja.<\/span><br><br><strong>2.3. Endere\u00e7o Incorreto ou Incompleto<\/strong><br><br>O<b> <strong>OnFertas<\/strong><\/b><span style=\"font-weight: bold;\">\u00a0<\/span><span>n\u00e3o se responsabiliza pelo preenchimento incorreto ou incompleto do endere\u00e7o de destino dos pedidos realizados na loja. Caso ocorra o endere\u00e7amento incorreto ou incompleto, por norma dos Correios, o pacote retornar\u00e1 ao remetente, e n\u00e3o ser\u00e3o mais realizadas outras tentativas de entrega naquele endere\u00e7o.<\/span><br><br><strong>Em caso da entrega n\u00e3o ser realizada devido a diverg\u00eancia no endere\u00e7o informado pelo cliente, o cliente n\u00e3o tem direito ao reembolso.<\/strong><br><br><strong>2.4. Produtos Tributados e Taxados<\/strong><br><br><span>Caso ocorra qualquer cobran\u00e7a de taxas ou impostos de despachos, ser\u00e1 de responsabilidade do <strong>OnFertas<\/strong><\/span><span>, fique tranquilo, voc\u00ea somente paga o valor descrito do produto em nosso site.<\/span><br><br><br><strong>Ao efetuar uma compra em nosso site, o cliente estar\u00e1 de acordo com as condi\u00e7\u00f5es e normas aqui determinadas pela OnFertas.<\/strong>\t\t\t\t\t\t\t\t<\/div>\n\t\t\t\t<\/div>\n\t\t\t\t\t<\/div>\n\t\t<\/div>\n\t\t\t\t\t<\/div>\n\t\t<\/section>\n\t\t\t\t<\/div>\n\t\t","protected":false},"excerpt":{"rendered":"<p>Termos de Envio e Entrega<\/p>\n","protected":false},"author":1,"featured_media":0,"parent":0,"menu_order":0,"comment_status":"closed","ping_status":"closed","template":"","meta":{"footnotes":""},"class_list":["post-259","page","type-page","status-publish","hentry"],"_links":{"self":[{"href":"https:\/\/onfertas.com.br\/index.php?rest_route=\/wp\/v2\/pages\/259","targetHints":{"allow":["GET"]}}],"collection":[{"href":"https:\/\/onfertas.com.br\/index.php?rest_route=\/wp\/v2\/pages"}],"about":[{"href":"https:\/\/onfertas.com.br\/index.php?rest_route=\/wp\/v2\/types\/page"}],"author":[{"embeddable":true,"href":"https:\/\/onfertas.com.br\/index.php?rest_route=\/wp\/v2\/users\/1"}],"replies":[{"embeddable":true,"href":"https:\/\/onfertas.com.br\/index.php?rest_route=%2Fwp%2Fv2%2Fcomments&post=259"}],"version-history":[{"count":5,"href":"https:\/\/onfertas.com.br\/index.php?rest_route=\/wp\/v2\/pages\/259\/revisions"}],"predecessor-version":[{"id":4093,"href":"https:\/\/onfertas.com.br\/index.php?rest_route=\/wp\/v2\/pages\/259\/revisions\/4093"}],"wp:attachment":[{"href":"https:\/\/onfertas.com.br\/index.php?rest_route=%2Fwp%2Fv2%2Fmedia&parent=259"}],"curies":[{"name":"wp","href":"https:\/\/api.w.org\/{rel}","templated":true}]}}