{"id":257,"date":"2022-06-04T16:48:53","date_gmt":"2022-06-04T16:48:53","guid":{"rendered":""},"modified":"2023-08-23T20:13:24","modified_gmt":"2023-08-23T20:13:24","slug":"politica-de-privacidade","status":"publish","type":"page","link":"https:\/\/onfertas.com.br\/?page_id=257","title":{"rendered":"Politica de Privacidade"},"content":{"rendered":"\t\t<div data-elementor-type=\"wp-page\" data-elementor-id=\"257\" class=\"elementor elementor-257\" data-elementor-post-type=\"page\">\n\t\t\t\t\t\t<section class=\"elementor-section elementor-top-section elementor-element elementor-element-0279dad elementor-section-boxed elementor-section-height-default elementor-section-height-default\" data-id=\"0279dad\" data-element_type=\"section\" data-e-type=\"section\">\n\t\t\t\t\t\t<div class=\"elementor-container elementor-column-gap-default\">\n\t\t\t\t\t<div class=\"elementor-column elementor-col-100 elementor-top-column elementor-element elementor-element-5570f2a\" data-id=\"5570f2a\" data-element_type=\"column\" data-e-type=\"column\">\n\t\t\t<div class=\"elementor-widget-wrap elementor-element-populated\">\n\t\t\t\t\t\t<div class=\"elementor-element elementor-element-0fa6feb elementor-widget elementor-widget-spacer\" data-id=\"0fa6feb\" data-element_type=\"widget\" data-e-type=\"widget\" data-widget_type=\"spacer.default\">\n\t\t\t\t<div class=\"elementor-widget-container\">\n\t\t\t\t\t\t\t<div class=\"elementor-spacer\">\n\t\t\t<div class=\"elementor-spacer-inner\"><\/div>\n\t\t<\/div>\n\t\t\t\t\t\t<\/div>\n\t\t\t\t<\/div>\n\t\t\t\t<div class=\"elementor-element elementor-element-e747a37 elementor-widget elementor-widget-heading\" data-id=\"e747a37\" data-element_type=\"widget\" data-e-type=\"widget\" data-widget_type=\"heading.default\">\n\t\t\t\t<div class=\"elementor-widget-container\">\n\t\t\t\t\t<h2 class=\"elementor-heading-title elementor-size-default\"><font style=\"vertical-align: inherit\"><\/font><font style=\"vertical-align: inherit\"><font style=\"vertical-align: inherit\">Politica de Privacidade<\/font><\/font><\/h2>\t\t\t\t<\/div>\n\t\t\t\t<\/div>\n\t\t\t\t\t<\/div>\n\t\t<\/div>\n\t\t\t\t\t<\/div>\n\t\t<\/section>\n\t\t\t\t<section class=\"elementor-section elementor-top-section elementor-element elementor-element-23d122d9 elementor-section-boxed elementor-section-height-default elementor-section-height-default\" data-id=\"23d122d9\" data-element_type=\"section\" data-e-type=\"section\">\n\t\t\t\t\t\t<div class=\"elementor-container elementor-column-gap-default\">\n\t\t\t\t\t<div class=\"elementor-column elementor-col-100 elementor-top-column elementor-element elementor-element-4dfa668f\" data-id=\"4dfa668f\" data-element_type=\"column\" data-e-type=\"column\">\n\t\t\t<div class=\"elementor-widget-wrap elementor-element-populated\">\n\t\t\t\t\t\t<div class=\"elementor-element elementor-element-af793c7 elementor-widget elementor-widget-text-editor\" data-id=\"af793c7\" data-element_type=\"widget\" data-e-type=\"widget\" data-widget_type=\"text-editor.default\">\n\t\t\t\t<div class=\"elementor-widget-container\">\n\t\t\t\t\t\t\t\t\t<strong>SE\u00c7\u00c3O 1 \u2013 O QUE FAZEMOS COM AS SUAS INFORMA\u00c7\u00d5ES?<\/strong>\n\nQuando voc\u00ea compra alguma coisa na nossa loja, como parte do processo de compra e venda, coletamos as informa\u00e7\u00f5es pessoais que voc\u00ea nos fornece, tais como seu nome, endere\u00e7o e e-mail.\n\nQuando voc\u00ea navega pela nossa loja, recebemos tamb\u00e9m automaticamente o protocolo de internet do seu computador (endere\u00e7o de IP) a fim de obter informa\u00e7\u00f5es que nos ajudam a saber mais sobre seu navegador e sistema operacional.\n\nMarketing por e-mail (quando aplic\u00e1vel): Com sua permiss\u00e3o, podemos lhe enviar e-mails sobre nossa loja, novos produtos e outras atualiza\u00e7\u00f5es.\n\n<strong>SE\u00c7\u00c3O 2 \u2013 CONSENTIMENTO<\/strong>\n\nComo voc\u00eas obt\u00eam meu consentimento?\n\nQuando voc\u00ea nos fornece as suas informa\u00e7\u00f5es pessoais para completar uma transa\u00e7\u00e3o, verificar seu cart\u00e3o de cr\u00e9dito, fazer um pedido, providenciar uma entrega ou retornar uma compra, voc\u00ea est\u00e1 concordando com a nossa coleta e uso de informa\u00e7\u00f5es pessoais apenas para esses fins espec\u00edficos.\n\nSe pedirmos suas informa\u00e7\u00f5es pessoais por uma raz\u00e3o secund\u00e1ria, como marketing, vamos pedir seu consentimento, ou te dar a oportunidade de dizer n\u00e3o.\n\nComo posso retirar o meu consentimento?\n\nCaso depois de fornecer seus dados voc\u00ea mude de ideia, voc\u00ea pode retirar o seu consentimento quando quiser e assim evitar que entremos em contato para obter ou divulgar informa\u00e7\u00f5es. Entre em contato conosco atrav\u00e9s do e-mail.\n\n<strong>SE\u00c7\u00c3O 3 \u2013 DIVULGA\u00c7\u00c3O<\/strong>\n\nPodemos divulgar suas informa\u00e7\u00f5es pessoais se formos obrigados por lei a faz\u00ea-lo ou se voc\u00ea violar nossos Termos de servi\u00e7o.\n\n<strong>SE\u00c7\u00c3O 4 \u2013 Vidatech Inform\u00e1tica<\/strong>\n\nNossa loja \u00e9 hospedada pela Vidatech Inform\u00e1tica. Eles nos fornecem uma plataforma de e-commerce online que nos permite vender nossos produtos e servi\u00e7os.\n\nSeus dados est\u00e3o armazenados atrav\u00e9s do armazenamento de dados do cloud\u00a0<b><i>computer<\/i><\/b>, de bancos de dados e do aplicativo geral. Eles armazenam dados em um servidor seguro protegido por firewall.\n\nPagamento:\n\nSe voc\u00ea escolher um gateway de pagamento direto para completar a sua compra, operadora armazena seus dados de cart\u00e3o de cr\u00e9dito. Eles s\u00e3o criptografados atrav\u00e9s do Padr\u00e3o de seguran\u00e7a de dados do setor de pagamento com cart\u00e3o (PCI-DSS). Seus dados de transa\u00e7\u00e3o de compra s\u00e3o armazenados apenas pelo per\u00edodo necess\u00e1rio para completar sua transa\u00e7\u00e3o de compra. Depois de finalizar a compra, suas informa\u00e7\u00f5es de transa\u00e7\u00e3o de compra s\u00e3o apagadas.\n\nTodos os gateways de pagamento direto aderem aos padr\u00f5es definidos pela PCI-DSS, que s\u00e3o gerenciados pelo Conselho de normas de seguran\u00e7a PCI. Ele \u00e9 um esfor\u00e7o conjunto de marcas como Visa, MasterCard, American Express e Discover.\n\nOs requisitos da PCI-DSS ajudam a garantir a utiliza\u00e7\u00e3o segura de informa\u00e7\u00f5es de cart\u00e3o de cr\u00e9dito pela nossa loja e seus provedores de servi\u00e7o.\n\nPara mais detalhes, leia os Termos de servi\u00e7o ou a Pol\u00edtica de privacidade da Vidatech.\n\n<strong>SE\u00c7\u00c3O 5 \u2013 SERVI\u00c7OS DE TERCEIROS<\/strong>\n\nNo geral, nossos fornecedores terceirizados ir\u00e3o coletar, usar e divulgar suas informa\u00e7\u00f5es apenas na medida do necess\u00e1rio para permitir que eles realizem os servi\u00e7os que eles nos fornecem.\n\nEntretanto, certos prestadores de servi\u00e7os terceirizados, tais como gateways de pagamento e outros processadores de transa\u00e7\u00f5es de pagamento, t\u00eam suas pr\u00f3prias pol\u00edticas de privacidade em rela\u00e7\u00e3o \u00e0 informa\u00e7\u00e3o que somos obrigados a fornecer para eles sobre transa\u00e7\u00f5es relacionadas a compras.\n\nPara esses fornecedores, recomendamos que voc\u00ea leia suas pol\u00edticas de privacidade para que voc\u00ea possa entender de que maneira suas informa\u00e7\u00f5es pessoais ser\u00e3o usadas por esses fornecedores.\n\nEspecificamente, lembre-se que certos fornecedores podem estar localizados ou possuir instala\u00e7\u00f5es que ficam em jurisdi\u00e7\u00f5es diferentes da sua ou da nossa. Por isso, se voc\u00ea quiser continuar com uma transa\u00e7\u00e3o que envolva um prestador de servi\u00e7os terceirizado, suas informa\u00e7\u00f5es podem ficar sujeitas \u00e0 legisla\u00e7\u00e3o da(s) jurisdi\u00e7\u00e3o(\u00f5es) onde o prestador de servi\u00e7os ou suas instala\u00e7\u00f5es estiverem localizados.\n\nPor exemplo, se voc\u00ea est\u00e1 no Canad\u00e1 e sua transa\u00e7\u00e3o \u00e9 processada por um gateway de pagamento nos Estados Unidos, suas informa\u00e7\u00f5es pessoais usadas para completar a transa\u00e7\u00e3o podem estar sujeitas a divulga\u00e7\u00e3o sob a legisla\u00e7\u00e3o dos Estados Unidos, incluindo a Lei Patri\u00f3tica.\n\nUma vez que voc\u00ea sair do site da nossa loja ou for redirecionado para um aplicativo ou site de terceiros, voc\u00ea n\u00e3o ser\u00e1 mais regido por essa Pol\u00edtica de privacidade ou pelos Termos de servi\u00e7o do nosso site.\n\nQuando voc\u00ea clicar em links na nossa loja, eles podem lhe direcionar para fora do nosso site. N\u00e3o somos respons\u00e1veis pelas pr\u00e1ticas de privacidade de outros sites e lhe incentivamos a ler as pol\u00edticas de privacidade deles.\n\n<strong>SE\u00c7\u00c3O 6 \u2013 SEGURAN\u00c7A<\/strong>\n\nPara proteger suas informa\u00e7\u00f5es pessoais, tomamos precau\u00e7\u00f5es e seguimos as melhores pr\u00e1ticas da ind\u00fastria para nos certificar que elas n\u00e3o sejam perdidas, usurpadas, acessadas, divulgadas, alteradas ou destru\u00eddas.\n\nSe voc\u00ea nos fornecer as suas informa\u00e7\u00f5es de cart\u00e3o de cr\u00e9dito, elas ser\u00e3o criptografadas usando a tecnologia \u201csecure socket layer\u201d (SSL) e armazenadas com criptografia AES-256. Embora nenhum m\u00e9todo de transmiss\u00e3o pela Internet ou armazenamento eletr\u00f4nico seja 100% seguro, n\u00f3s seguimos todos os requisitos da PCI-DSS e implementamos medidas adicionais aceitas pelos padr\u00f5es da ind\u00fastria.\n\n<strong>COOKIES<\/strong>\n\nSegue uma lista dos cookies que usamos. N\u00f3s os listamos para que voc\u00ea possa escolher se voc\u00ea quer optar pelos cookies.\n\n_session_id, token \u00fanico, por sess\u00e3o, Permite a Vidatech armazenar informa\u00e7\u00f5es sobre sua sess\u00e3o (referenciador, landing page, etc.)\n\n_vidatech_visit, nenhum dado retido, Persistente por 30 minutos da \u00faltima visita, Usado pelo rastreador de estat\u00edsticas interno do provedor do site para gravar o n\u00famero de visitas\n\n_vidatech_uniq, nenhum dado retido, expira \u00e0 meia-noite (relativo ao visitante) do pr\u00f3ximo dia, Conta o n\u00famero de visitas de uma loja de um \u00fanico cliente.\n\ncarrinho, token \u00fanico, persistente por 2 semanas, Armazena informa\u00e7\u00f5es sobre os itens do seu carrinho.\n\n_secure_session_id, token \u00fanico, por sess\u00e3o\n\nstorefront_digest, token \u00fanico, indefinido, Se a loja tem uma senha, ela \u00e9 usada para determinar se o visitante atual tem acesso.\n\n<strong>SE\u00c7\u00c3O 7 \u2013 IDADE DE CONSENTIMENTO<\/strong>\n\nAo usar esse site, voc\u00ea confirma que voc\u00ea \u00e9 maior de idade em seu estado ou prov\u00edncia de resid\u00eancia e que voc\u00ea nos deu seu consentimento para permitir que qualquer um dos seus dependentes menores de idade usem esse site.\n\n<strong>SE\u00c7\u00c3O 8 \u2013 ALTERA\u00c7\u00d5ES NA POL\u00cdTICA DE PRIVACIDADE<\/strong>\n\nReservamos o direito de modificar essa pol\u00edtica de privacidade a qualquer momento. Portanto, por favor, leia-a com frequ\u00eancia. As altera\u00e7\u00f5es e esclarecimentos surtem efeito imediatamente ap\u00f3s serem publicadas no site. Caso fa\u00e7amos altera\u00e7\u00f5es na pol\u00edtica de privacidade, iremos notific\u00e1-lo sobre a atualiza\u00e7\u00e3o. Assim, voc\u00ea saber\u00e1 quais informa\u00e7\u00f5es coletamos, como as usamos, e sob que circunst\u00e2ncias, caso aplic\u00e1vel, as utilizaremos e\/ou divulgaremos.\n\nCaso ocorra a fus\u00e3o da nossa loja com outra empresa, suas informa\u00e7\u00f5es podem ser transferidas para os novos propriet\u00e1rios para que possamos continuar vendendo produtos para voc\u00ea.\t\t\t\t\t\t\t\t<\/div>\n\t\t\t\t<\/div>\n\t\t\t\t\t<\/div>\n\t\t<\/div>\n\t\t\t\t\t<\/div>\n\t\t<\/section>\n\t\t\t\t<\/div>\n\t\t","protected":false},"excerpt":{"rendered":"<p>Politica de Privacidade<\/p>\n","protected":false},"author":1,"featured_media":0,"parent":0,"menu_order":0,"comment_status":"closed","ping_status":"closed","template":"","meta":{"footnotes":""},"class_list":["post-257","page","type-page","status-publish","hentry"],"_links":{"self":[{"href":"https:\/\/onfertas.com.br\/index.php?rest_route=\/wp\/v2\/pages\/257","targetHints":{"allow":["GET"]}}],"collection":[{"href":"https:\/\/onfertas.com.br\/index.php?rest_route=\/wp\/v2\/pages"}],"about":[{"href":"https:\/\/onfertas.com.br\/index.php?rest_route=\/wp\/v2\/types\/page"}],"author":[{"embeddable":true,"href":"https:\/\/onfertas.com.br\/index.php?rest_route=\/wp\/v2\/users\/1"}],"replies":[{"embeddable":true,"href":"https:\/\/onfertas.com.br\/index.php?rest_route=%2Fwp%2Fv2%2Fcomments&post=257"}],"version-history":[{"count":8,"href":"https:\/\/onfertas.com.br\/index.php?rest_route=\/wp\/v2\/pages\/257\/revisions"}],"predecessor-version":[{"id":3833,"href":"https:\/\/onfertas.com.br\/index.php?rest_route=\/wp\/v2\/pages\/257\/revisions\/3833"}],"wp:attachment":[{"href":"https:\/\/onfertas.com.br\/index.php?rest_route=%2Fwp%2Fv2%2Fmedia&parent=257"}],"curies":[{"name":"wp","href":"https:\/\/api.w.org\/{rel}","templated":true}]}}