{"id":255,"date":"2022-06-04T15:22:39","date_gmt":"2022-06-04T15:22:39","guid":{"rendered":""},"modified":"2023-08-23T20:13:33","modified_gmt":"2023-08-23T20:13:33","slug":"rastreie-o-seu-pedido","status":"publish","type":"page","link":"https:\/\/onfertas.com.br\/?page_id=255","title":{"rendered":"Rastreie o seu pedido"},"content":{"rendered":"\t\t<div data-elementor-type=\"wp-page\" data-elementor-id=\"255\" class=\"elementor elementor-255\" data-elementor-post-type=\"page\">\n\t\t\t\t\t\t<section class=\"elementor-section elementor-top-section elementor-element elementor-element-33850f77 elementor-section-boxed elementor-section-height-default elementor-section-height-default\" data-id=\"33850f77\" data-element_type=\"section\" data-e-type=\"section\">\n\t\t\t\t\t\t<div class=\"elementor-container elementor-column-gap-default\">\n\t\t\t\t\t<div class=\"elementor-column elementor-col-100 elementor-top-column elementor-element elementor-element-4bc5569\" data-id=\"4bc5569\" data-element_type=\"column\" data-e-type=\"column\">\n\t\t\t<div class=\"elementor-widget-wrap elementor-element-populated\">\n\t\t\t\t\t\t<div class=\"elementor-element elementor-element-4f446ff elementor-widget elementor-widget-spacer\" data-id=\"4f446ff\" data-element_type=\"widget\" data-e-type=\"widget\" data-widget_type=\"spacer.default\">\n\t\t\t\t<div class=\"elementor-widget-container\">\n\t\t\t\t\t\t\t<div class=\"elementor-spacer\">\n\t\t\t<div class=\"elementor-spacer-inner\"><\/div>\n\t\t<\/div>\n\t\t\t\t\t\t<\/div>\n\t\t\t\t<\/div>\n\t\t\t\t<div class=\"elementor-element elementor-element-d6b35bd elementor-widget elementor-widget-image\" data-id=\"d6b35bd\" data-element_type=\"widget\" data-e-type=\"widget\" data-widget_type=\"image.default\">\n\t\t\t\t<div class=\"elementor-widget-container\">\n\t\t\t\t\t\t\t\t\t\t\t\t\t\t\t<img decoding=\"async\" src=\"https:\/\/onfertas.com.br\/wp-content\/uploads\/elementor\/thumbs\/cmspages-CorreiosLog_large-puiuqnh182ki4irckhck6abacxgo2f80od9y328n86.png\" title=\"CorreiosLog_large.png\" alt=\"CorreiosLog_large.png\" loading=\"lazy\" \/>\t\t\t\t\t\t\t\t\t\t\t\t\t\t\t<\/div>\n\t\t\t\t<\/div>\n\t\t\t\t<div class=\"elementor-element elementor-element-6bdc85f elementor-widget elementor-widget-heading\" data-id=\"6bdc85f\" data-element_type=\"widget\" data-e-type=\"widget\" data-widget_type=\"heading.default\">\n\t\t\t\t<div class=\"elementor-widget-container\">\n\t\t\t\t\t<h3 class=\"elementor-heading-title elementor-size-default\">Fa\u00e7a o rastreamento do seu pedido<\/h3>\t\t\t\t<\/div>\n\t\t\t\t<\/div>\n\t\t\t\t<div class=\"elementor-element elementor-element-dd1dee elementor-widget elementor-widget-text-editor\" data-id=\"dd1dee\" data-element_type=\"widget\" data-e-type=\"widget\" data-widget_type=\"text-editor.default\">\n\t\t\t\t<div class=\"elementor-widget-container\">\n\t\t\t\t\t\t\t\t\t<div style=\"text-align: center;\" align=\"center\"><div id=\"shopify-section-page-contact-template\" class=\"shopify-section\"><div class=\"container container--narrow\"><header class=\"page__header page__header--stack page__header--centered\"><div class=\"page__description rte\"><div>\u00a0<\/div><div>\u00a0<\/div><\/div><\/header><\/div><\/div><div id=\"rastreio\"><div id=\"container-ninja\" class=\"container container-ninja\"><div class=\"row-rn align-items-center-rn\"><div class=\"col-rn-12 col-rn-md-7 col-rn-lg-6 order-md-1 col-rn-centered aos-init aos-animate\" data-aos=\"fade-up\"><div class=\"form-group text-center-rn text-md-left-rn\"><p style=\"text-align: center;\" align=\"justify\">Digite seu c\u00f3digo de rastreamento:<\/p><form class=\"__web-inspector-hide-shortcut__ \" action=\"https:\/\/track.ebanx.com\/t\/%20\" method=\"GET\" name=\"rastreamento\" target=\"popup\"><p><input id=\"objetos\" name=\"trackingCode\" type=\"text\" \/><\/p><p><button class=\"rastreio\" type=\"submit\">RASTREAR PEDIDO<\/button><\/p><\/form><p>\u00a0<\/p><\/div><\/div><\/div><\/div><\/div><\/div><p align=\"justify\">\u00a0<\/p>\t\t\t\t\t\t\t\t<\/div>\n\t\t\t\t<\/div>\n\t\t\t\t<div class=\"elementor-element elementor-element-b56ca36 elementor-widget elementor-widget-text-editor\" data-id=\"b56ca36\" data-element_type=\"widget\" data-e-type=\"widget\" data-widget_type=\"text-editor.default\">\n\t\t\t\t<div class=\"elementor-widget-container\">\n\t\t\t\t\t\t\t\t\t<div style=\"text-align: center;\" align=\"center\">\n<div id=\"rastreio\">\n<div id=\"container-ninja\" class=\"container container-ninja\">\n<div class=\"row-rn align-items-center-rn\">\n<div class=\"col-rn-12 col-rn-md-7 col-rn-lg-6 order-md-1 col-rn-centered aos-init aos-animate\" data-aos=\"fade-up\">\n<div class=\"form-group text-center-rn text-md-left-rn\">\n\nOU RASTREIE USANDO UM\nDOS LINKS ABAIXO:\n\n<\/div>\n<\/div>\n<\/div>\n<\/div>\n<\/div>\n<a href=\"https:\/\/www.17track.net\/pt\" target=\"_blank\" rel=\"noopener noreferrer\">https:\/\/www.17track.net\/pt<\/a><br>\n\n<a class=\"text-link\" title=\"Rastreamento dos Correios\" href=\"http:\/\/www.correios.com.br\/sistemas\/rastreamento\" target=\"_blank\" rel=\"noopener noreferrer\">http:\/\/www.correios.com.br\/sistemas\/rastreamento<\/a><br>\n\n<a class=\"text-link\" href=\"http:\/\/global.cainiao.com\/\" target=\"_blank\" rel=\"noopener noreferrer\">http:\/\/global.cainiao.com<\/a><br>\n<p style=\"text-align: left;\"><\/p>\n\n<\/div>\n<p style=\"text-align: center;\" align=\"justify\"><\/p>\t\t\t\t\t\t\t\t<\/div>\n\t\t\t\t<\/div>\n\t\t\t\t<div class=\"elementor-element elementor-element-ce64d93 elementor-widget-divider--view-line elementor-widget elementor-widget-divider\" data-id=\"ce64d93\" data-element_type=\"widget\" data-e-type=\"widget\" data-widget_type=\"divider.default\">\n\t\t\t\t<div class=\"elementor-widget-container\">\n\t\t\t\t\t\t\t<div class=\"elementor-divider\">\n\t\t\t<span class=\"elementor-divider-separator\">\n\t\t\t\t\t\t<\/span>\n\t\t<\/div>\n\t\t\t\t\t\t<\/div>\n\t\t\t\t<\/div>\n\t\t\t\t<div class=\"elementor-element elementor-element-8ea0619 elementor-widget elementor-widget-text-editor\" data-id=\"8ea0619\" data-element_type=\"widget\" data-e-type=\"widget\" data-widget_type=\"text-editor.default\">\n\t\t\t\t<div class=\"elementor-widget-container\">\n\t\t\t\t\t\t\t\t\t<p align=\"center\">INSTRU\u00c7\u00d5ES:<\/p><p align=\"justify\">Insira seu c\u00f3digo de rastreamento no\u00a0campo acima. \u00c9 um c\u00f3digo grande, formado por letras e n\u00fameros, de no\u00a0m\u00ednimo 13 d\u00edgitos.<\/p><p align=\"justify\">Ele \u00e9 enviado em at\u00e9\u00a05 dias\u00a0ap\u00f3s a confirma\u00e7\u00e3o de sua compra. Caso j\u00e1 tenha passado esse tempo e voc\u00ea n\u00e3o tenha recebido, entre em contato conosco!<\/p><p align=\"justify\">Devido ao\u00a0covid-19\u00a0os c\u00f3digos de rastreio est\u00e3o demorando mais tempo que o normal para serem atualizados. Fique tranquilo, os pedidos est\u00e3o sendo processados normalmente.\u00a0A estimativa de entrega est\u00e1 entre 15 a 35 dias \u00fateis a partir da aprova\u00e7\u00e3o do pagamento.\u00a0O c\u00f3digo de rastreio ir\u00e1 ser atualizado automaticamente em at\u00e9 10 dias \u00fateis. Qualquer d\u00favida entre em contato conosco pelo e-mail.<\/p>\t\t\t\t\t\t\t\t<\/div>\n\t\t\t\t<\/div>\n\t\t\t\t<div class=\"elementor-element elementor-element-38b9b72 elementor-widget elementor-widget-spacer\" data-id=\"38b9b72\" data-element_type=\"widget\" data-e-type=\"widget\" data-widget_type=\"spacer.default\">\n\t\t\t\t<div class=\"elementor-widget-container\">\n\t\t\t\t\t\t\t<div class=\"elementor-spacer\">\n\t\t\t<div class=\"elementor-spacer-inner\"><\/div>\n\t\t<\/div>\n\t\t\t\t\t\t<\/div>\n\t\t\t\t<\/div>\n\t\t\t\t\t<\/div>\n\t\t<\/div>\n\t\t\t\t\t<\/div>\n\t\t<\/section>\n\t\t\t\t<\/div>\n\t\t","protected":false},"excerpt":{"rendered":"<p>Rastreie o seu pedido<\/p>\n","protected":false},"author":1,"featured_media":0,"parent":0,"menu_order":0,"comment_status":"closed","ping_status":"closed","template":"","meta":{"footnotes":""},"class_list":["post-255","page","type-page","status-publish","hentry"],"_links":{"self":[{"href":"https:\/\/onfertas.com.br\/index.php?rest_route=\/wp\/v2\/pages\/255","targetHints":{"allow":["GET"]}}],"collection":[{"href":"https:\/\/onfertas.com.br\/index.php?rest_route=\/wp\/v2\/pages"}],"about":[{"href":"https:\/\/onfertas.com.br\/index.php?rest_route=\/wp\/v2\/types\/page"}],"author":[{"embeddable":true,"href":"https:\/\/onfertas.com.br\/index.php?rest_route=\/wp\/v2\/users\/1"}],"replies":[{"embeddable":true,"href":"https:\/\/onfertas.com.br\/index.php?rest_route=%2Fwp%2Fv2%2Fcomments&post=255"}],"version-history":[{"count":69,"href":"https:\/\/onfertas.com.br\/index.php?rest_route=\/wp\/v2\/pages\/255\/revisions"}],"predecessor-version":[{"id":3790,"href":"https:\/\/onfertas.com.br\/index.php?rest_route=\/wp\/v2\/pages\/255\/revisions\/3790"}],"wp:attachment":[{"href":"https:\/\/onfertas.com.br\/index.php?rest_route=%2Fwp%2Fv2%2Fmedia&parent=255"}],"curies":[{"name":"wp","href":"https:\/\/api.w.org\/{rel}","templated":true}]}}